{"id":3453,"date":"2025-01-08T09:23:45","date_gmt":"2025-01-08T09:23:45","guid":{"rendered":"https:\/\/hotelkolding.dk\/selskabslokale\/"},"modified":"2025-12-19T11:03:07","modified_gmt":"2025-12-19T11:03:07","slug":"selskabslokale","status":"publish","type":"page","link":"https:\/\/hotelkolding.dk\/da\/selskabslokale\/","title":{"rendered":"Selskabslokale"},"content":{"rendered":"\t\t<div data-elementor-type=\"wp-page\" data-elementor-id=\"3453\" class=\"elementor elementor-3453 elementor-2029\" data-elementor-post-type=\"page\">\n\t\t\t\t<div class=\"elementor-element elementor-element-405380b8 e-flex e-con-boxed e-con e-parent\" data-id=\"405380b8\" data-element_type=\"container\" data-e-type=\"container\">\n\t\t\t\t\t<div class=\"e-con-inner\">\n\t\t\t\t<div class=\"elementor-element elementor-element-4bfe365b elementor-widget elementor-widget-spacer\" data-id=\"4bfe365b\" data-element_type=\"widget\" data-e-type=\"widget\" data-widget_type=\"spacer.default\">\n\t\t\t\t<div class=\"elementor-widget-container\">\n\t\t\t\t\t\t\t<div class=\"elementor-spacer\">\n\t\t\t<div class=\"elementor-spacer-inner\"><\/div>\n\t\t<\/div>\n\t\t\t\t\t\t<\/div>\n\t\t\t\t<\/div>\n\t\t\t\t\t<\/div>\n\t\t\t\t<\/div>\n\t\t<div class=\"elementor-element elementor-element-4f3827da e-flex e-con-boxed e-con e-parent\" data-id=\"4f3827da\" data-element_type=\"container\" data-e-type=\"container\">\n\t\t\t\t\t<div class=\"e-con-inner\">\n\t\t<div class=\"elementor-element elementor-element-142fad21 e-con-full e-flex e-con e-child\" data-id=\"142fad21\" data-element_type=\"container\" data-e-type=\"container\">\n\t\t\t\t<div class=\"elementor-element elementor-element-4e3a0cf0 elementor-widget__width-initial elementor-widget elementor-widget-text-editor\" data-id=\"4e3a0cf0\" data-element_type=\"widget\" data-e-type=\"widget\" data-widget_type=\"text-editor.default\">\n\t\t\t\t<div class=\"elementor-widget-container\">\n\t\t\t\t\t\t\t\t\t<h2>Selskabslokale p\u00e5 Hotel Kolding<\/h2><p>Leder du efter et sted at afholde et yogaevent, en vinsmagning, eller har du brug for et pop-up-showroom? Du finder ikke et bedre sted end p\u00e5 Hotel Kolding &#8211; lige i centrum af byen! <\/p><p>Book vores restaurant i stueetagen til dit n\u00e6ste arrangement. Vi kan im\u00f8dekomme de fleste \u00f8nsker (bare husk, ingen h\u00f8j musik, jitterbugging eller boksekampe &#8211; af hensyn til vores andre g\u00e6ster!) <\/p><p>Kontakt os ved hj\u00e6lp af formularen nedenfor, s\u00e5 h\u00f8rer du fra os.<\/p>\t\t\t\t\t\t\t\t<\/div>\n\t\t\t\t<\/div>\n\t\t\t\t<div class=\"elementor-element elementor-element-21c3dc02 elementor-icon-list--layout-traditional elementor-list-item-link-full_width elementor-widget elementor-widget-icon-list\" data-id=\"21c3dc02\" data-element_type=\"widget\" data-e-type=\"widget\" data-widget_type=\"icon-list.default\">\n\t\t\t\t<div class=\"elementor-widget-container\">\n\t\t\t\t\t\t\t<ul class=\"elementor-icon-list-items\">\n\t\t\t\t\t\t\t<li class=\"elementor-icon-list-item\">\n\t\t\t\t\t\t\t\t\t\t\t<span class=\"elementor-icon-list-icon\">\n\t\t\t\t\t\t\t<i aria-hidden=\"true\" class=\"fas fa-circle\"><\/i>\t\t\t\t\t\t<\/span>\n\t\t\t\t\t\t\t\t\t\t<span class=\"elementor-icon-list-text\">Op til 80 personer afh\u00e6ngigt af typen af event<\/span>\n\t\t\t\t\t\t\t\t\t<\/li>\n\t\t\t\t\t\t\t\t<li class=\"elementor-icon-list-item\">\n\t\t\t\t\t\t\t\t\t\t\t<span class=\"elementor-icon-list-icon\">\n\t\t\t\t\t\t\t<i aria-hidden=\"true\" class=\"fas fa-circle\"><\/i>\t\t\t\t\t\t<\/span>\n\t\t\t\t\t\t\t\t\t\t<span class=\"elementor-icon-list-text\">Hver dag fra kl. 12<\/span>\n\t\t\t\t\t\t\t\t\t<\/li>\n\t\t\t\t\t\t\t\t<li class=\"elementor-icon-list-item\">\n\t\t\t\t\t\t\t\t\t\t\t<span class=\"elementor-icon-list-icon\">\n\t\t\t\t\t\t\t<i aria-hidden=\"true\" class=\"fas fa-circle\"><\/i>\t\t\t\t\t\t<\/span>\n\t\t\t\t\t\t\t\t\t\t<span class=\"elementor-icon-list-text\">Parkering lige ved siden af hotellet<\/span>\n\t\t\t\t\t\t\t\t\t<\/li>\n\t\t\t\t\t\t\t\t<li class=\"elementor-icon-list-item\">\n\t\t\t\t\t\t\t\t\t\t\t<span class=\"elementor-icon-list-icon\">\n\t\t\t\t\t\t\t<i aria-hidden=\"true\" class=\"fas fa-circle\"><\/i>\t\t\t\t\t\t<\/span>\n\t\t\t\t\t\t\t\t\t\t<span class=\"elementor-icon-list-text\">T\u00e6t p\u00e5 togstationen<\/span>\n\t\t\t\t\t\t\t\t\t<\/li>\n\t\t\t\t\t\t<\/ul>\n\t\t\t\t\t\t<\/div>\n\t\t\t\t<\/div>\n\t\t\t\t<div class=\"elementor-element elementor-element-0598cbf elementor-button-align-stretch elementor-widget elementor-widget-form\" data-id=\"0598cbf\" data-element_type=\"widget\" data-e-type=\"widget\" data-settings=\"{&quot;step_next_label&quot;:&quot;N\\u00e6ste&quot;,&quot;step_previous_label&quot;:&quot;Tidligere&quot;,&quot;button_width&quot;:&quot;100&quot;,&quot;dce_confirm_dialog_enabled&quot;:&quot;no&quot;,&quot;step_type&quot;:&quot;number_text&quot;,&quot;step_icon_shape&quot;:&quot;circle&quot;,&quot;label_icon_size&quot;:{&quot;unit&quot;:&quot;px&quot;,&quot;size&quot;:&quot;&quot;,&quot;sizes&quot;:[]},&quot;field_icon_size&quot;:{&quot;unit&quot;:&quot;px&quot;,&quot;size&quot;:&quot;&quot;,&quot;sizes&quot;:[]}}\" data-widget_type=\"form.default\">\n\t\t\t\t<div class=\"elementor-widget-container\">\n\t\t\t\t\t\t\t<form class=\"elementor-form\" method=\"post\" name=\"Selskabslokale\" aria-label=\"Selskabslokale\">\n\t\t\t<input type=\"hidden\" name=\"post_id\" value=\"3453\"\/>\n\t\t\t<input type=\"hidden\" name=\"form_id\" value=\"0598cbf\"\/>\n\t\t\t<input type=\"hidden\" name=\"referer_title\" value=\"Selskabslokale p\u00e5 Hotel Kolding\" \/>\n\n\t\t\t\t\t\t\t<input type=\"hidden\" name=\"queried_id\" value=\"3453\"\/>\n\t\t\t\n\t\t\t<div class=\"elementor-form-fields-wrapper elementor-labels-above\">\n\t\t\t\t\t\t\t\t<div class=\"elementor-field-type-text elementor-field-group elementor-column elementor-field-group-name elementor-col-100\">\n\t\t\t\t\t\t\t\t\t\t\t\t<label for=\"form-field-name\" class=\"elementor-field-label\">\n\t\t\t\t\t\t\t\tNavn\t\t\t\t\t\t\t<\/label>\n\t\t\t\t\t\t\t\t\t\t\t\t\t\t<input size=\"1\" type=\"text\" name=\"form_fields[name]\" id=\"form-field-name\" class=\"elementor-field elementor-size-sm  elementor-field-textual\" placeholder=\"Navn\">\n\t\t\t\t\t\t\t\t\t\t\t<\/div>\n\t\t\t\t\t\t\t\t<div class=\"elementor-field-type-email elementor-field-group elementor-column elementor-field-group-email elementor-col-100 elementor-field-required\">\n\t\t\t\t\t\t\t\t\t\t\t\t<label for=\"form-field-email\" class=\"elementor-field-label\">\n\t\t\t\t\t\t\t\tE-mail\t\t\t\t\t\t\t<\/label>\n\t\t\t\t\t\t\t\t\t\t\t\t\t\t<input size=\"1\" type=\"email\" name=\"form_fields[email]\" id=\"form-field-email\" class=\"elementor-field elementor-size-sm  elementor-field-textual\" placeholder=\"E-mail\" required=\"required\">\n\t\t\t\t\t\t\t\t\t\t\t<\/div>\n\t\t\t\t\t\t\t\t<div class=\"elementor-field-type-tel elementor-field-group elementor-column elementor-field-group-field_c140a4f elementor-col-100\">\n\t\t\t\t\t\t\t\t\t\t\t\t<label for=\"form-field-field_c140a4f\" class=\"elementor-field-label\">\n\t\t\t\t\t\t\t\tTelefon\t\t\t\t\t\t\t<\/label>\n\t\t\t\t\t\t\t\t<input size=\"1\" type=\"tel\" name=\"form_fields[field_c140a4f]\" id=\"form-field-field_c140a4f\" class=\"elementor-field elementor-size-sm  elementor-field-textual\" placeholder=\"Telefon\" pattern=\"[0-9()#&amp;+*-=.]+\" title=\"Kun tal og telefonkarakterer (#,-,*, o.s.v.) accepteres.\">\n\n\t\t\t\t\t\t<\/div>\n\t\t\t\t\t\t\t\t<div class=\"elementor-field-type-text elementor-field-group elementor-column elementor-field-group-field_476aa39 elementor-col-100\">\n\t\t\t\t\t\t\t\t\t\t\t\t<label for=\"form-field-field_476aa39\" class=\"elementor-field-label\">\n\t\t\t\t\t\t\t\t\u00d8nsket dato\t\t\t\t\t\t\t<\/label>\n\t\t\t\t\t\t\t\t\t\t\t\t\t\t<input size=\"1\" type=\"text\" name=\"form_fields[field_476aa39]\" id=\"form-field-field_476aa39\" class=\"elementor-field elementor-size-sm  elementor-field-textual\" placeholder=\"\u00d8nsket dato\">\n\t\t\t\t\t\t\t\t\t\t\t<\/div>\n\t\t\t\t\t\t\t\t<div class=\"elementor-field-type-text elementor-field-group elementor-column elementor-field-group-field_6a935ba elementor-col-100\">\n\t\t\t\t\t\t\t\t\t\t\t\t<label for=\"form-field-field_6a935ba\" class=\"elementor-field-label\">\n\t\t\t\t\t\t\t\tType af begivenhed\t\t\t\t\t\t\t<\/label>\n\t\t\t\t\t\t\t\t\t\t\t\t\t\t<input size=\"1\" type=\"text\" name=\"form_fields[field_6a935ba]\" id=\"form-field-field_6a935ba\" class=\"elementor-field elementor-size-sm  elementor-field-textual\" placeholder=\"Type af begivenhed\">\n\t\t\t\t\t\t\t\t\t\t\t<\/div>\n\t\t\t\t\t\t\t\t<div class=\"elementor-field-group elementor-column elementor-field-type-submit elementor-col-100 e-form__buttons\">\n\t\t\t\t\t<button class=\"elementor-button elementor-size-sm\" type=\"submit\">\n\t\t\t\t\t\t<span class=\"elementor-button-content-wrapper\">\n\t\t\t\t\t\t\t\t\t\t\t\t\t\t\t\t\t\t\t\t\t\t<span class=\"elementor-button-text\">Send<\/span>\n\t\t\t\t\t\t\t\t\t\t\t\t\t<\/span>\n\t\t\t\t\t<\/button>\n\t\t\t\t<\/div>\n\t\t\t<\/div>\n\t\t<\/form>\n\t\t\t\t\t\t<\/div>\n\t\t\t\t<\/div>\n\t\t\t\t<\/div>\n\t\t<div class=\"elementor-element elementor-element-35373a3b e-con-full e-flex e-con e-child\" data-id=\"35373a3b\" data-element_type=\"container\" data-e-type=\"container\">\n\t\t\t\t<div class=\"elementor-element elementor-element-18187cba dce_masking-none elementor-widget elementor-widget-image\" data-id=\"18187cba\" data-element_type=\"widget\" data-e-type=\"widget\" data-widget_type=\"image.default\">\n\t\t\t\t<div class=\"elementor-widget-container\">\n\t\t\t\t\t\t\t\t\t\t\t\t\t\t\t<img fetchpriority=\"high\" decoding=\"async\" width=\"800\" height=\"534\" src=\"https:\/\/hotelkolding.dk\/wp-content\/uploads\/2025\/01\/HotelKolding_RAISFOTO_0198-1024x683.jpg\" class=\"attachment-large size-large wp-image-2754\" alt=\"\" srcset=\"https:\/\/hotelkolding.dk\/wp-content\/uploads\/2025\/01\/HotelKolding_RAISFOTO_0198-1024x683.jpg 1024w, https:\/\/hotelkolding.dk\/wp-content\/uploads\/2025\/01\/HotelKolding_RAISFOTO_0198-300x200.jpg 300w, https:\/\/hotelkolding.dk\/wp-content\/uploads\/2025\/01\/HotelKolding_RAISFOTO_0198-768x512.jpg 768w, https:\/\/hotelkolding.dk\/wp-content\/uploads\/2025\/01\/HotelKolding_RAISFOTO_0198-1536x1024.jpg 1536w, https:\/\/hotelkolding.dk\/wp-content\/uploads\/2025\/01\/HotelKolding_RAISFOTO_0198-2048x1365.jpg 2048w\" sizes=\"(max-width: 800px) 100vw, 800px\" \/>\t\t\t\t\t\t\t\t\t\t\t\t\t\t\t<\/div>\n\t\t\t\t<\/div>\n\t\t\t\t<div class=\"elementor-element elementor-element-4fb77c7f dce_masking-none elementor-widget elementor-widget-image\" data-id=\"4fb77c7f\" data-element_type=\"widget\" data-e-type=\"widget\" data-widget_type=\"image.default\">\n\t\t\t\t<div class=\"elementor-widget-container\">\n\t\t\t\t\t\t\t\t\t\t\t\t\t\t\t<img decoding=\"async\" width=\"800\" height=\"534\" src=\"https:\/\/hotelkolding.dk\/wp-content\/uploads\/2025\/01\/HotelKolding_RAISFOTO_0139-1024x683.jpg\" class=\"attachment-large size-large wp-image-2755\" alt=\"\" srcset=\"https:\/\/hotelkolding.dk\/wp-content\/uploads\/2025\/01\/HotelKolding_RAISFOTO_0139-1024x683.jpg 1024w, https:\/\/hotelkolding.dk\/wp-content\/uploads\/2025\/01\/HotelKolding_RAISFOTO_0139-300x200.jpg 300w, https:\/\/hotelkolding.dk\/wp-content\/uploads\/2025\/01\/HotelKolding_RAISFOTO_0139-768x512.jpg 768w, https:\/\/hotelkolding.dk\/wp-content\/uploads\/2025\/01\/HotelKolding_RAISFOTO_0139-1536x1024.jpg 1536w, https:\/\/hotelkolding.dk\/wp-content\/uploads\/2025\/01\/HotelKolding_RAISFOTO_0139-2048x1365.jpg 2048w\" sizes=\"(max-width: 800px) 100vw, 800px\" \/>\t\t\t\t\t\t\t\t\t\t\t\t\t\t\t<\/div>\n\t\t\t\t<\/div>\n\t\t\t\t<div class=\"elementor-element elementor-element-ae22103 elementor-widget elementor-widget-text-editor\" data-id=\"ae22103\" data-element_type=\"widget\" data-e-type=\"widget\" data-widget_type=\"text-editor.default\">\n\t\t\t\t<div class=\"elementor-widget-container\">\n\t\t\t\t\t\t\t\t\t<p>Planl\u00e6gger du et mindre m\u00f8de? <a href=\"https:\/\/hotelkolding.dk\/da\/moeder\/\">Vores hyggelige m\u00f8delokale<\/a> kan v\u00e6re lige det, du leder efter.<\/p>\t\t\t\t\t\t\t\t<\/div>\n\t\t\t\t<\/div>\n\t\t\t\t<\/div>\n\t\t\t\t\t<\/div>\n\t\t\t\t<\/div>\n\t\t\t\t<\/div>\n\t\t","protected":false},"excerpt":{"rendered":"<p>Selskabslokale p\u00e5 Hotel Kolding Leder du efter et sted at afholde et yogaevent, en vinsmagning, eller har du brug for et pop-up-showroom? Du finder ikke et bedre sted end p\u00e5 Hotel Kolding &#8211; lige i centrum af byen! Book vores restaurant i stueetagen til dit n\u00e6ste arrangement. Vi kan im\u00f8dekomme de fleste \u00f8nsker (bare husk, [&hellip;]<\/p>\n","protected":false},"author":5,"featured_media":0,"parent":0,"menu_order":0,"comment_status":"closed","ping_status":"closed","template":"","meta":{"_acf_changed":false,"footnotes":""},"class_list":["post-3453","page","type-page","status-publish","hentry"],"acf":[],"yoast_head":"<!-- This site is optimized with the Yoast SEO plugin v27.3 - https:\/\/yoast.com\/product\/yoast-seo-wordpress\/ -->\n<title>Selskabslokale p\u00e5 Hotel Kolding<\/title>\n<meta name=\"description\" content=\"Hold dit n\u00e6ste arrangement p\u00e5 Hotel Kolding. Book vores restaurant i stueetagen til dit n\u00e6ste event.\" \/>\n<meta name=\"robots\" content=\"index, follow, max-snippet:-1, max-image-preview:large, max-video-preview:-1\" \/>\n<link rel=\"canonical\" href=\"https:\/\/hotelkolding.dk\/da\/selskabslokale\/\" \/>\n<meta property=\"og:locale\" content=\"da_DK\" \/>\n<meta property=\"og:type\" content=\"article\" \/>\n<meta property=\"og:title\" content=\"Selskabslokale p\u00e5 Hotel Kolding\" \/>\n<meta property=\"og:description\" content=\"Hold dit n\u00e6ste arrangement p\u00e5 Hotel Kolding. Book vores restaurant i stueetagen til dit n\u00e6ste event.\" \/>\n<meta property=\"og:url\" content=\"https:\/\/hotelkolding.dk\/da\/selskabslokale\/\" \/>\n<meta property=\"og:site_name\" content=\"Hotel Kolding\" \/>\n<meta property=\"article:modified_time\" content=\"2025-12-19T11:03:07+00:00\" \/>\n<meta property=\"og:image\" content=\"https:\/\/hotelkolding.dk\/wp-content\/uploads\/2025\/01\/HotelKolding_RAISFOTO_0198-scaled.jpg\" \/>\n\t<meta property=\"og:image:width\" content=\"2560\" \/>\n\t<meta property=\"og:image:height\" content=\"1707\" \/>\n\t<meta property=\"og:image:type\" content=\"image\/jpeg\" \/>\n<meta name=\"twitter:card\" content=\"summary_large_image\" \/>\n<meta name=\"twitter:label1\" content=\"Estimeret l\u00e6setid\" \/>\n\t<meta name=\"twitter:data1\" content=\"1 minut\" \/>\n<script type=\"application\/ld+json\" class=\"yoast-schema-graph\">{\"@context\":\"https:\\\/\\\/schema.org\",\"@graph\":[{\"@type\":\"WebPage\",\"@id\":\"https:\\\/\\\/hotelkolding.dk\\\/da\\\/selskabslokale\\\/\",\"url\":\"https:\\\/\\\/hotelkolding.dk\\\/da\\\/selskabslokale\\\/\",\"name\":\"Selskabslokale p\u00e5 Hotel Kolding\",\"isPartOf\":{\"@id\":\"https:\\\/\\\/hotelkolding.dk\\\/da\\\/#website\"},\"primaryImageOfPage\":{\"@id\":\"https:\\\/\\\/hotelkolding.dk\\\/da\\\/selskabslokale\\\/#primaryimage\"},\"image\":{\"@id\":\"https:\\\/\\\/hotelkolding.dk\\\/da\\\/selskabslokale\\\/#primaryimage\"},\"thumbnailUrl\":\"https:\\\/\\\/hotelkolding.dk\\\/wp-content\\\/uploads\\\/2025\\\/01\\\/HotelKolding_RAISFOTO_0198-1024x683.jpg\",\"datePublished\":\"2025-01-08T09:23:45+00:00\",\"dateModified\":\"2025-12-19T11:03:07+00:00\",\"description\":\"Hold dit n\u00e6ste arrangement p\u00e5 Hotel Kolding. Book vores restaurant i stueetagen til dit n\u00e6ste event.\",\"breadcrumb\":{\"@id\":\"https:\\\/\\\/hotelkolding.dk\\\/da\\\/selskabslokale\\\/#breadcrumb\"},\"inLanguage\":\"da-DK\",\"potentialAction\":[{\"@type\":\"ReadAction\",\"target\":[\"https:\\\/\\\/hotelkolding.dk\\\/da\\\/selskabslokale\\\/\"]}]},{\"@type\":\"ImageObject\",\"inLanguage\":\"da-DK\",\"@id\":\"https:\\\/\\\/hotelkolding.dk\\\/da\\\/selskabslokale\\\/#primaryimage\",\"url\":\"https:\\\/\\\/hotelkolding.dk\\\/wp-content\\\/uploads\\\/2025\\\/01\\\/HotelKolding_RAISFOTO_0198-1024x683.jpg\",\"contentUrl\":\"https:\\\/\\\/hotelkolding.dk\\\/wp-content\\\/uploads\\\/2025\\\/01\\\/HotelKolding_RAISFOTO_0198-1024x683.jpg\"},{\"@type\":\"BreadcrumbList\",\"@id\":\"https:\\\/\\\/hotelkolding.dk\\\/da\\\/selskabslokale\\\/#breadcrumb\",\"itemListElement\":[{\"@type\":\"ListItem\",\"position\":1,\"name\":\"Hjem\",\"item\":\"https:\\\/\\\/hotelkolding.dk\\\/da\\\/forside\\\/\"},{\"@type\":\"ListItem\",\"position\":2,\"name\":\"Selskabslokale\"}]},{\"@type\":\"WebSite\",\"@id\":\"https:\\\/\\\/hotelkolding.dk\\\/da\\\/#website\",\"url\":\"https:\\\/\\\/hotelkolding.dk\\\/da\\\/\",\"name\":\"Hotel Kolding\",\"description\":\"\",\"potentialAction\":[{\"@type\":\"SearchAction\",\"target\":{\"@type\":\"EntryPoint\",\"urlTemplate\":\"https:\\\/\\\/hotelkolding.dk\\\/da\\\/?s={search_term_string}\"},\"query-input\":{\"@type\":\"PropertyValueSpecification\",\"valueRequired\":true,\"valueName\":\"search_term_string\"}}],\"inLanguage\":\"da-DK\"}]}<\/script>\n<!-- \/ Yoast SEO plugin. -->","yoast_head_json":{"title":"Selskabslokale p\u00e5 Hotel Kolding","description":"Hold dit n\u00e6ste arrangement p\u00e5 Hotel Kolding. Book vores restaurant i stueetagen til dit n\u00e6ste event.","robots":{"index":"index","follow":"follow","max-snippet":"max-snippet:-1","max-image-preview":"max-image-preview:large","max-video-preview":"max-video-preview:-1"},"canonical":"https:\/\/hotelkolding.dk\/da\/selskabslokale\/","og_locale":"da_DK","og_type":"article","og_title":"Selskabslokale p\u00e5 Hotel Kolding","og_description":"Hold dit n\u00e6ste arrangement p\u00e5 Hotel Kolding. Book vores restaurant i stueetagen til dit n\u00e6ste event.","og_url":"https:\/\/hotelkolding.dk\/da\/selskabslokale\/","og_site_name":"Hotel Kolding","article_modified_time":"2025-12-19T11:03:07+00:00","og_image":[{"width":2560,"height":1707,"url":"https:\/\/hotelkolding.dk\/wp-content\/uploads\/2025\/01\/HotelKolding_RAISFOTO_0198-scaled.jpg","type":"image\/jpeg"}],"twitter_card":"summary_large_image","twitter_misc":{"Estimeret l\u00e6setid":"1 minut"},"schema":{"@context":"https:\/\/schema.org","@graph":[{"@type":"WebPage","@id":"https:\/\/hotelkolding.dk\/da\/selskabslokale\/","url":"https:\/\/hotelkolding.dk\/da\/selskabslokale\/","name":"Selskabslokale p\u00e5 Hotel Kolding","isPartOf":{"@id":"https:\/\/hotelkolding.dk\/da\/#website"},"primaryImageOfPage":{"@id":"https:\/\/hotelkolding.dk\/da\/selskabslokale\/#primaryimage"},"image":{"@id":"https:\/\/hotelkolding.dk\/da\/selskabslokale\/#primaryimage"},"thumbnailUrl":"https:\/\/hotelkolding.dk\/wp-content\/uploads\/2025\/01\/HotelKolding_RAISFOTO_0198-1024x683.jpg","datePublished":"2025-01-08T09:23:45+00:00","dateModified":"2025-12-19T11:03:07+00:00","description":"Hold dit n\u00e6ste arrangement p\u00e5 Hotel Kolding. Book vores restaurant i stueetagen til dit n\u00e6ste event.","breadcrumb":{"@id":"https:\/\/hotelkolding.dk\/da\/selskabslokale\/#breadcrumb"},"inLanguage":"da-DK","potentialAction":[{"@type":"ReadAction","target":["https:\/\/hotelkolding.dk\/da\/selskabslokale\/"]}]},{"@type":"ImageObject","inLanguage":"da-DK","@id":"https:\/\/hotelkolding.dk\/da\/selskabslokale\/#primaryimage","url":"https:\/\/hotelkolding.dk\/wp-content\/uploads\/2025\/01\/HotelKolding_RAISFOTO_0198-1024x683.jpg","contentUrl":"https:\/\/hotelkolding.dk\/wp-content\/uploads\/2025\/01\/HotelKolding_RAISFOTO_0198-1024x683.jpg"},{"@type":"BreadcrumbList","@id":"https:\/\/hotelkolding.dk\/da\/selskabslokale\/#breadcrumb","itemListElement":[{"@type":"ListItem","position":1,"name":"Hjem","item":"https:\/\/hotelkolding.dk\/da\/forside\/"},{"@type":"ListItem","position":2,"name":"Selskabslokale"}]},{"@type":"WebSite","@id":"https:\/\/hotelkolding.dk\/da\/#website","url":"https:\/\/hotelkolding.dk\/da\/","name":"Hotel Kolding","description":"","potentialAction":[{"@type":"SearchAction","target":{"@type":"EntryPoint","urlTemplate":"https:\/\/hotelkolding.dk\/da\/?s={search_term_string}"},"query-input":{"@type":"PropertyValueSpecification","valueRequired":true,"valueName":"search_term_string"}}],"inLanguage":"da-DK"}]}},"_links":{"self":[{"href":"https:\/\/hotelkolding.dk\/da\/wp-json\/wp\/v2\/pages\/3453","targetHints":{"allow":["GET"]}}],"collection":[{"href":"https:\/\/hotelkolding.dk\/da\/wp-json\/wp\/v2\/pages"}],"about":[{"href":"https:\/\/hotelkolding.dk\/da\/wp-json\/wp\/v2\/types\/page"}],"author":[{"embeddable":true,"href":"https:\/\/hotelkolding.dk\/da\/wp-json\/wp\/v2\/users\/5"}],"replies":[{"embeddable":true,"href":"https:\/\/hotelkolding.dk\/da\/wp-json\/wp\/v2\/comments?post=3453"}],"version-history":[{"count":4,"href":"https:\/\/hotelkolding.dk\/da\/wp-json\/wp\/v2\/pages\/3453\/revisions"}],"predecessor-version":[{"id":3513,"href":"https:\/\/hotelkolding.dk\/da\/wp-json\/wp\/v2\/pages\/3453\/revisions\/3513"}],"wp:attachment":[{"href":"https:\/\/hotelkolding.dk\/da\/wp-json\/wp\/v2\/media?parent=3453"}],"curies":[{"name":"wp","href":"https:\/\/api.w.org\/{rel}","templated":true}]}}