{"id":3467,"date":"2023-12-22T09:40:11","date_gmt":"2023-12-22T09:40:11","guid":{"rendered":"https:\/\/hotelkolding.dk\/glemte-sager\/"},"modified":"2025-12-19T11:27:18","modified_gmt":"2025-12-19T11:27:18","slug":"glemte-sager","status":"publish","type":"page","link":"https:\/\/hotelkolding.dk\/da\/glemte-sager\/","title":{"rendered":"Glemte sager"},"content":{"rendered":"\t\t<div data-elementor-type=\"wp-page\" data-elementor-id=\"3467\" class=\"elementor elementor-3467 elementor-1433\" data-elementor-post-type=\"page\">\n\t\t\t\t\t\t<section class=\"elementor-section elementor-top-section elementor-element elementor-element-105692aa elementor-section-boxed elementor-section-height-default elementor-section-height-default\" data-id=\"105692aa\" data-element_type=\"section\" data-e-type=\"section\">\n\t\t\t\t\t\t<div class=\"elementor-container elementor-column-gap-default\">\n\t\t\t\t\t<div class=\"elementor-column elementor-col-100 elementor-top-column elementor-element elementor-element-569a742\" data-id=\"569a742\" data-element_type=\"column\" data-e-type=\"column\">\n\t\t\t<div class=\"elementor-widget-wrap elementor-element-populated\">\n\t\t\t\t\t\t<div class=\"elementor-element elementor-element-1f6cc0df elementor-widget elementor-widget-spacer\" data-id=\"1f6cc0df\" data-element_type=\"widget\" data-e-type=\"widget\" data-widget_type=\"spacer.default\">\n\t\t\t\t<div class=\"elementor-widget-container\">\n\t\t\t\t\t\t\t<div class=\"elementor-spacer\">\n\t\t\t<div class=\"elementor-spacer-inner\"><\/div>\n\t\t<\/div>\n\t\t\t\t\t\t<\/div>\n\t\t\t\t<\/div>\n\t\t\t\t<div class=\"elementor-element elementor-element-49fe74e4 elementor-widget elementor-widget-heading\" data-id=\"49fe74e4\" data-element_type=\"widget\" data-e-type=\"widget\" data-widget_type=\"heading.default\">\n\t\t\t\t<div class=\"elementor-widget-container\">\n\t\t\t\t\t<h2 class=\"elementor-heading-title elementor-size-default\">Glemte sager<\/h2>\t\t\t\t<\/div>\n\t\t\t\t<\/div>\n\t\t\t\t\t<\/div>\n\t\t<\/div>\n\t\t\t\t\t<\/div>\n\t\t<\/section>\n\t\t\t\t<section class=\"elementor-section elementor-top-section elementor-element elementor-element-1bb95c76 elementor-section-boxed elementor-section-height-default elementor-section-height-default\" data-id=\"1bb95c76\" data-element_type=\"section\" data-e-type=\"section\">\n\t\t\t\t\t\t<div class=\"elementor-container elementor-column-gap-default\">\n\t\t\t\t\t<div class=\"elementor-column elementor-col-100 elementor-top-column elementor-element elementor-element-6d3f0b34\" data-id=\"6d3f0b34\" data-element_type=\"column\" data-e-type=\"column\">\n\t\t\t<div class=\"elementor-widget-wrap elementor-element-populated\">\n\t\t\t\t\t\t<div class=\"elementor-element elementor-element-622c9437 elementor-widget elementor-widget-text-editor\" data-id=\"622c9437\" data-element_type=\"widget\" data-e-type=\"widget\" data-widget_type=\"text-editor.default\">\n\t\t\t\t<div class=\"elementor-widget-container\">\n\t\t\t\t\t\t\t\t\t<p>Ting glemmes og findes p\u00e5 Hotel Kolding. Har du glemt noget? M\u00e5ske har vi fundet det!  <\/p><p>Udfyld venligst formularen nedenfor og beskriv den glemte sag s\u00e5 detaljeret som muligt.<\/p><p>Hvis vi har fundet den, kontakter vi dig. Du kan enten hente dine ejendele p\u00e5 Hotel Kolding, eller ogs\u00e5 kan vi sende dem til dig. Vi bruger pakke.dk til at sende glemte genstande \u2013 dette er p\u00e5 modtagerens regning, og forsendelsen skal afhentes p\u00e5 Hotel Kolding af kurerfirmaet.  <\/p><p>Hotel Kolding p\u00e5tager sig intet ansvar for mistede ejendele og kan ikke garantere, at genstanden bliver fundet. Glemte sager opbevares i 30 dage. <\/p>\t\t\t\t\t\t\t\t<\/div>\n\t\t\t\t<\/div>\n\t\t\t\t<div class=\"elementor-element elementor-element-28bc197b elementor-button-align-stretch elementor-widget elementor-widget-form\" data-id=\"28bc197b\" data-element_type=\"widget\" data-e-type=\"widget\" data-settings=\"{&quot;step_next_label&quot;:&quot;N\\u00e6ste&quot;,&quot;step_previous_label&quot;:&quot;Tidligere&quot;,&quot;button_width&quot;:&quot;100&quot;,&quot;dce_confirm_dialog_enabled&quot;:&quot;no&quot;,&quot;step_type&quot;:&quot;number_text&quot;,&quot;step_icon_shape&quot;:&quot;circle&quot;,&quot;label_icon_size&quot;:{&quot;unit&quot;:&quot;px&quot;,&quot;size&quot;:&quot;&quot;,&quot;sizes&quot;:[]},&quot;field_icon_size&quot;:{&quot;unit&quot;:&quot;px&quot;,&quot;size&quot;:&quot;&quot;,&quot;sizes&quot;:[]}}\" data-widget_type=\"form.default\">\n\t\t\t\t<div class=\"elementor-widget-container\">\n\t\t\t\t\t\t\t<form class=\"elementor-form\" method=\"post\" name=\"New Form\" aria-label=\"New Form\">\n\t\t\t<input type=\"hidden\" name=\"post_id\" value=\"3467\"\/>\n\t\t\t<input type=\"hidden\" name=\"form_id\" value=\"28bc197b\"\/>\n\t\t\t<input type=\"hidden\" name=\"referer_title\" value=\"Glemte sager - Hotel Kolding\" \/>\n\n\t\t\t\t\t\t\t<input type=\"hidden\" name=\"queried_id\" value=\"3467\"\/>\n\t\t\t\n\t\t\t<div class=\"elementor-form-fields-wrapper elementor-labels-above\">\n\t\t\t\t\t\t\t\t<div class=\"elementor-field-type-text elementor-field-group elementor-column elementor-field-group-name elementor-col-100 elementor-field-required\">\n\t\t\t\t\t\t\t\t\t\t\t\t<label for=\"form-field-name\" class=\"elementor-field-label\">\n\t\t\t\t\t\t\t\tNavn\t\t\t\t\t\t\t<\/label>\n\t\t\t\t\t\t\t\t\t\t\t\t\t\t<input size=\"1\" type=\"text\" name=\"form_fields[name]\" id=\"form-field-name\" class=\"elementor-field elementor-size-sm  elementor-field-textual\" placeholder=\"Navn\" required=\"required\">\n\t\t\t\t\t\t\t\t\t\t\t<\/div>\n\t\t\t\t\t\t\t\t<div class=\"elementor-field-type-email elementor-field-group elementor-column elementor-field-group-email elementor-col-100 elementor-field-required\">\n\t\t\t\t\t\t\t\t\t\t\t\t<label for=\"form-field-email\" class=\"elementor-field-label\">\n\t\t\t\t\t\t\t\tE-mail\t\t\t\t\t\t\t<\/label>\n\t\t\t\t\t\t\t\t\t\t\t\t\t\t<input size=\"1\" type=\"email\" name=\"form_fields[email]\" id=\"form-field-email\" class=\"elementor-field elementor-size-sm  elementor-field-textual\" placeholder=\"E-mail\" required=\"required\">\n\t\t\t\t\t\t\t\t\t\t\t<\/div>\n\t\t\t\t\t\t\t\t<div class=\"elementor-field-type-tel elementor-field-group elementor-column elementor-field-group-message elementor-col-100 elementor-field-required\">\n\t\t\t\t\t\t\t\t\t\t\t\t<label for=\"form-field-message\" class=\"elementor-field-label\">\n\t\t\t\t\t\t\t\tTelefon\t\t\t\t\t\t\t<\/label>\n\t\t\t\t\t\t\t\t<input size=\"1\" type=\"tel\" name=\"form_fields[message]\" id=\"form-field-message\" class=\"elementor-field elementor-size-sm  elementor-field-textual\" placeholder=\"Telefon\" required=\"required\" pattern=\"[0-9()#&amp;+*-=.]+\" title=\"Kun tal og telefonkarakterer (#,-,*, o.s.v.) accepteres.\">\n\n\t\t\t\t\t\t<\/div>\n\t\t\t\t\t\t\t\t<div class=\"elementor-field-type-text elementor-field-group elementor-column elementor-field-group-field_64de93c elementor-col-100 elementor-field-required\">\n\t\t\t\t\t\t\t\t\t\t\t\t<label for=\"form-field-field_64de93c\" class=\"elementor-field-label\">\n\t\t\t\t\t\t\t\tV\u00e6relsesnummer\t\t\t\t\t\t\t<\/label>\n\t\t\t\t\t\t\t\t\t\t\t\t\t\t<input size=\"1\" type=\"text\" name=\"form_fields[field_64de93c]\" id=\"form-field-field_64de93c\" class=\"elementor-field elementor-size-sm  elementor-field-textual\" placeholder=\"V\u00e6relsesnummer\" required=\"required\">\n\t\t\t\t\t\t\t\t\t\t\t<\/div>\n\t\t\t\t\t\t\t\t<div class=\"elementor-field-type-date elementor-field-group elementor-column elementor-field-group-field_64659eb elementor-col-100 elementor-field-required\">\n\t\t\t\t\t\t\t\t\t\t\t\t<label for=\"form-field-field_64659eb\" class=\"elementor-field-label\">\n\t\t\t\t\t\t\t\tAfrejsedato\t\t\t\t\t\t\t<\/label>\n\t\t\t\t\t\t\n\t\t<input type=\"date\" name=\"form_fields[field_64659eb]\" id=\"form-field-field_64659eb\" class=\"elementor-field elementor-size-sm  elementor-field-textual elementor-date-field\" placeholder=\"Afrejsedato\" required=\"required\" pattern=\"[0-9]{4}-[0-9]{2}-[0-9]{2}\" min=\"2024-01-01\">\n\t\t\t\t\t\t<\/div>\n\t\t\t\t\t\t\t\t<div class=\"elementor-field-type-textarea elementor-field-group elementor-column elementor-field-group-field_fd80637 elementor-col-100 elementor-field-required\">\n\t\t\t\t\t\t\t\t\t\t\t\t<label for=\"form-field-field_fd80637\" class=\"elementor-field-label\">\n\t\t\t\t\t\t\t\tBeskrivelsen af tingen\t\t\t\t\t\t\t<\/label>\n\t\t\t\t\t\t<textarea class=\"elementor-field-textual elementor-field  elementor-size-sm\" name=\"form_fields[field_fd80637]\" id=\"form-field-field_fd80637\" rows=\"4\" placeholder=\"Beskrivelsen af tingen\" required=\"required\"><\/textarea>\t\t\t\t<\/div>\n\t\t\t\t\t\t\t\t<div class=\"elementor-field-group elementor-column elementor-field-type-submit elementor-col-100 e-form__buttons\">\n\t\t\t\t\t<button class=\"elementor-button elementor-size-sm\" type=\"submit\">\n\t\t\t\t\t\t<span class=\"elementor-button-content-wrapper\">\n\t\t\t\t\t\t\t\t\t\t\t\t\t\t\t\t\t\t\t\t\t\t<span class=\"elementor-button-text\">Send<\/span>\n\t\t\t\t\t\t\t\t\t\t\t\t\t<\/span>\n\t\t\t\t\t<\/button>\n\t\t\t\t<\/div>\n\t\t\t<\/div>\n\t\t<\/form>\n\t\t\t\t\t\t<\/div>\n\t\t\t\t<\/div>\n\t\t\t\t<div class=\"elementor-element elementor-element-8593d21 dce_masking-none elementor-widget elementor-widget-image\" data-id=\"8593d21\" data-element_type=\"widget\" data-e-type=\"widget\" data-widget_type=\"image.default\">\n\t\t\t\t<div class=\"elementor-widget-container\">\n\t\t\t\t\t\t\t\t\t\t\t\t\t\t\t<img fetchpriority=\"high\" decoding=\"async\" width=\"800\" height=\"534\" src=\"https:\/\/hotelkolding.dk\/wp-content\/uploads\/2021\/04\/Kolding_RAISFOTO_0029-1024x683.jpg\" class=\"attachment-large size-large wp-image-2627\" alt=\"\" srcset=\"https:\/\/hotelkolding.dk\/wp-content\/uploads\/2021\/04\/Kolding_RAISFOTO_0029-1024x683.jpg 1024w, https:\/\/hotelkolding.dk\/wp-content\/uploads\/2021\/04\/Kolding_RAISFOTO_0029-300x200.jpg 300w, https:\/\/hotelkolding.dk\/wp-content\/uploads\/2021\/04\/Kolding_RAISFOTO_0029-768x512.jpg 768w, https:\/\/hotelkolding.dk\/wp-content\/uploads\/2021\/04\/Kolding_RAISFOTO_0029-1536x1024.jpg 1536w, https:\/\/hotelkolding.dk\/wp-content\/uploads\/2021\/04\/Kolding_RAISFOTO_0029-2048x1365.jpg 2048w\" sizes=\"(max-width: 800px) 100vw, 800px\" \/>\t\t\t\t\t\t\t\t\t\t\t\t\t\t\t<\/div>\n\t\t\t\t<\/div>\n\t\t\t\t<div class=\"elementor-element elementor-element-f64408e elementor-widget-divider--view-line elementor-widget elementor-widget-divider\" data-id=\"f64408e\" data-element_type=\"widget\" data-e-type=\"widget\" data-widget_type=\"divider.default\">\n\t\t\t\t<div class=\"elementor-widget-container\">\n\t\t\t\t\t\t\t<div class=\"elementor-divider\">\n\t\t\t<span class=\"elementor-divider-separator\">\n\t\t\t\t\t\t<\/span>\n\t\t<\/div>\n\t\t\t\t\t\t<\/div>\n\t\t\t\t<\/div>\n\t\t\t\t<div class=\"elementor-element elementor-element-ad4e649 elementor-widget elementor-widget-text-editor\" data-id=\"ad4e649\" data-element_type=\"widget\" data-e-type=\"widget\" data-widget_type=\"text-editor.default\">\n\t\t\t\t<div class=\"elementor-widget-container\">\n\t\t\t\t\t\t\t\t\t<p>Har du ikke mistet noget og vil bare <a href=\"https:\/\/hotelkolding.dk\/da\/vaerelser\/\">booke et v\u00e6relse<\/a>? S\u00e5 <a href=\"https:\/\/hotelkolding.dk\/da\/vaerelser\/\">lad os komme i gang<\/a>!<\/p>\t\t\t\t\t\t\t\t<\/div>\n\t\t\t\t<\/div>\n\t\t\t\t\t<\/div>\n\t\t<\/div>\n\t\t\t\t\t<\/div>\n\t\t<\/section>\n\t\t\t\t<\/div>\n\t\t","protected":false},"excerpt":{"rendered":"<p>Glemte sager Ting glemmes og findes p\u00e5 Hotel Kolding. Har du glemt noget? M\u00e5ske har vi fundet det! Udfyld venligst formularen nedenfor og beskriv den glemte sag s\u00e5 detaljeret som muligt. Hvis vi har fundet den, kontakter vi dig. Du kan enten hente dine ejendele p\u00e5 Hotel Kolding, eller ogs\u00e5 kan vi sende dem til [&hellip;]<\/p>\n","protected":false},"author":5,"featured_media":0,"parent":0,"menu_order":0,"comment_status":"closed","ping_status":"closed","template":"","meta":{"_acf_changed":false,"footnotes":""},"class_list":["post-3467","page","type-page","status-publish","hentry"],"acf":[],"yoast_head":"<!-- This site is optimized with the Yoast SEO plugin v27.3 - https:\/\/yoast.com\/product\/yoast-seo-wordpress\/ -->\n<title>Glemte sager - Hotel Kolding<\/title>\n<meta name=\"description\" content=\"Ting glemmes og findes p\u00e5 Hotel Kolding. Har du glemt noget? M\u00e5ske har vi fundet det!\" \/>\n<meta name=\"robots\" content=\"index, follow, max-snippet:-1, max-image-preview:large, max-video-preview:-1\" \/>\n<link rel=\"canonical\" href=\"https:\/\/hotelkolding.dk\/da\/glemte-sager\/\" \/>\n<meta property=\"og:locale\" content=\"da_DK\" \/>\n<meta property=\"og:type\" content=\"article\" \/>\n<meta property=\"og:title\" content=\"Glemte sager - Hotel Kolding\" \/>\n<meta property=\"og:description\" content=\"Ting glemmes og findes p\u00e5 Hotel Kolding. Har du glemt noget? M\u00e5ske har vi fundet det!\" \/>\n<meta property=\"og:url\" content=\"https:\/\/hotelkolding.dk\/da\/glemte-sager\/\" \/>\n<meta property=\"og:site_name\" content=\"Hotel Kolding\" \/>\n<meta property=\"article:modified_time\" content=\"2025-12-19T11:27:18+00:00\" \/>\n<meta property=\"og:image\" content=\"https:\/\/hotelkolding.dk\/wp-content\/uploads\/2021\/04\/Kolding_RAISFOTO_0029-scaled.jpg\" \/>\n\t<meta property=\"og:image:width\" content=\"2560\" \/>\n\t<meta property=\"og:image:height\" content=\"1707\" \/>\n\t<meta property=\"og:image:type\" content=\"image\/jpeg\" \/>\n<meta name=\"twitter:card\" content=\"summary_large_image\" \/>\n<meta name=\"twitter:label1\" content=\"Estimeret l\u00e6setid\" \/>\n\t<meta name=\"twitter:data1\" content=\"1 minut\" \/>\n<script type=\"application\/ld+json\" class=\"yoast-schema-graph\">{\"@context\":\"https:\\\/\\\/schema.org\",\"@graph\":[{\"@type\":\"WebPage\",\"@id\":\"https:\\\/\\\/hotelkolding.dk\\\/da\\\/glemte-sager\\\/\",\"url\":\"https:\\\/\\\/hotelkolding.dk\\\/da\\\/glemte-sager\\\/\",\"name\":\"Glemte sager - Hotel Kolding\",\"isPartOf\":{\"@id\":\"https:\\\/\\\/hotelkolding.dk\\\/da\\\/#website\"},\"primaryImageOfPage\":{\"@id\":\"https:\\\/\\\/hotelkolding.dk\\\/da\\\/glemte-sager\\\/#primaryimage\"},\"image\":{\"@id\":\"https:\\\/\\\/hotelkolding.dk\\\/da\\\/glemte-sager\\\/#primaryimage\"},\"thumbnailUrl\":\"https:\\\/\\\/hotelkolding.dk\\\/wp-content\\\/uploads\\\/2021\\\/04\\\/Kolding_RAISFOTO_0029-1024x683.jpg\",\"datePublished\":\"2023-12-22T09:40:11+00:00\",\"dateModified\":\"2025-12-19T11:27:18+00:00\",\"description\":\"Ting glemmes og findes p\u00e5 Hotel Kolding. Har du glemt noget? M\u00e5ske har vi fundet det!\",\"breadcrumb\":{\"@id\":\"https:\\\/\\\/hotelkolding.dk\\\/da\\\/glemte-sager\\\/#breadcrumb\"},\"inLanguage\":\"da-DK\",\"potentialAction\":[{\"@type\":\"ReadAction\",\"target\":[\"https:\\\/\\\/hotelkolding.dk\\\/da\\\/glemte-sager\\\/\"]}]},{\"@type\":\"ImageObject\",\"inLanguage\":\"da-DK\",\"@id\":\"https:\\\/\\\/hotelkolding.dk\\\/da\\\/glemte-sager\\\/#primaryimage\",\"url\":\"https:\\\/\\\/hotelkolding.dk\\\/wp-content\\\/uploads\\\/2021\\\/04\\\/Kolding_RAISFOTO_0029-1024x683.jpg\",\"contentUrl\":\"https:\\\/\\\/hotelkolding.dk\\\/wp-content\\\/uploads\\\/2021\\\/04\\\/Kolding_RAISFOTO_0029-1024x683.jpg\"},{\"@type\":\"BreadcrumbList\",\"@id\":\"https:\\\/\\\/hotelkolding.dk\\\/da\\\/glemte-sager\\\/#breadcrumb\",\"itemListElement\":[{\"@type\":\"ListItem\",\"position\":1,\"name\":\"Hjem\",\"item\":\"https:\\\/\\\/hotelkolding.dk\\\/da\\\/forside\\\/\"},{\"@type\":\"ListItem\",\"position\":2,\"name\":\"Glemte sager\"}]},{\"@type\":\"WebSite\",\"@id\":\"https:\\\/\\\/hotelkolding.dk\\\/da\\\/#website\",\"url\":\"https:\\\/\\\/hotelkolding.dk\\\/da\\\/\",\"name\":\"Hotel Kolding\",\"description\":\"\",\"potentialAction\":[{\"@type\":\"SearchAction\",\"target\":{\"@type\":\"EntryPoint\",\"urlTemplate\":\"https:\\\/\\\/hotelkolding.dk\\\/da\\\/?s={search_term_string}\"},\"query-input\":{\"@type\":\"PropertyValueSpecification\",\"valueRequired\":true,\"valueName\":\"search_term_string\"}}],\"inLanguage\":\"da-DK\"}]}<\/script>\n<!-- \/ Yoast SEO plugin. -->","yoast_head_json":{"title":"Glemte sager - Hotel Kolding","description":"Ting glemmes og findes p\u00e5 Hotel Kolding. Har du glemt noget? M\u00e5ske har vi fundet det!","robots":{"index":"index","follow":"follow","max-snippet":"max-snippet:-1","max-image-preview":"max-image-preview:large","max-video-preview":"max-video-preview:-1"},"canonical":"https:\/\/hotelkolding.dk\/da\/glemte-sager\/","og_locale":"da_DK","og_type":"article","og_title":"Glemte sager - Hotel Kolding","og_description":"Ting glemmes og findes p\u00e5 Hotel Kolding. Har du glemt noget? M\u00e5ske har vi fundet det!","og_url":"https:\/\/hotelkolding.dk\/da\/glemte-sager\/","og_site_name":"Hotel Kolding","article_modified_time":"2025-12-19T11:27:18+00:00","og_image":[{"width":2560,"height":1707,"url":"https:\/\/hotelkolding.dk\/wp-content\/uploads\/2021\/04\/Kolding_RAISFOTO_0029-scaled.jpg","type":"image\/jpeg"}],"twitter_card":"summary_large_image","twitter_misc":{"Estimeret l\u00e6setid":"1 minut"},"schema":{"@context":"https:\/\/schema.org","@graph":[{"@type":"WebPage","@id":"https:\/\/hotelkolding.dk\/da\/glemte-sager\/","url":"https:\/\/hotelkolding.dk\/da\/glemte-sager\/","name":"Glemte sager - Hotel Kolding","isPartOf":{"@id":"https:\/\/hotelkolding.dk\/da\/#website"},"primaryImageOfPage":{"@id":"https:\/\/hotelkolding.dk\/da\/glemte-sager\/#primaryimage"},"image":{"@id":"https:\/\/hotelkolding.dk\/da\/glemte-sager\/#primaryimage"},"thumbnailUrl":"https:\/\/hotelkolding.dk\/wp-content\/uploads\/2021\/04\/Kolding_RAISFOTO_0029-1024x683.jpg","datePublished":"2023-12-22T09:40:11+00:00","dateModified":"2025-12-19T11:27:18+00:00","description":"Ting glemmes og findes p\u00e5 Hotel Kolding. Har du glemt noget? M\u00e5ske har vi fundet det!","breadcrumb":{"@id":"https:\/\/hotelkolding.dk\/da\/glemte-sager\/#breadcrumb"},"inLanguage":"da-DK","potentialAction":[{"@type":"ReadAction","target":["https:\/\/hotelkolding.dk\/da\/glemte-sager\/"]}]},{"@type":"ImageObject","inLanguage":"da-DK","@id":"https:\/\/hotelkolding.dk\/da\/glemte-sager\/#primaryimage","url":"https:\/\/hotelkolding.dk\/wp-content\/uploads\/2021\/04\/Kolding_RAISFOTO_0029-1024x683.jpg","contentUrl":"https:\/\/hotelkolding.dk\/wp-content\/uploads\/2021\/04\/Kolding_RAISFOTO_0029-1024x683.jpg"},{"@type":"BreadcrumbList","@id":"https:\/\/hotelkolding.dk\/da\/glemte-sager\/#breadcrumb","itemListElement":[{"@type":"ListItem","position":1,"name":"Hjem","item":"https:\/\/hotelkolding.dk\/da\/forside\/"},{"@type":"ListItem","position":2,"name":"Glemte sager"}]},{"@type":"WebSite","@id":"https:\/\/hotelkolding.dk\/da\/#website","url":"https:\/\/hotelkolding.dk\/da\/","name":"Hotel Kolding","description":"","potentialAction":[{"@type":"SearchAction","target":{"@type":"EntryPoint","urlTemplate":"https:\/\/hotelkolding.dk\/da\/?s={search_term_string}"},"query-input":{"@type":"PropertyValueSpecification","valueRequired":true,"valueName":"search_term_string"}}],"inLanguage":"da-DK"}]}},"_links":{"self":[{"href":"https:\/\/hotelkolding.dk\/da\/wp-json\/wp\/v2\/pages\/3467","targetHints":{"allow":["GET"]}}],"collection":[{"href":"https:\/\/hotelkolding.dk\/da\/wp-json\/wp\/v2\/pages"}],"about":[{"href":"https:\/\/hotelkolding.dk\/da\/wp-json\/wp\/v2\/types\/page"}],"author":[{"embeddable":true,"href":"https:\/\/hotelkolding.dk\/da\/wp-json\/wp\/v2\/users\/5"}],"replies":[{"embeddable":true,"href":"https:\/\/hotelkolding.dk\/da\/wp-json\/wp\/v2\/comments?post=3467"}],"version-history":[{"count":7,"href":"https:\/\/hotelkolding.dk\/da\/wp-json\/wp\/v2\/pages\/3467\/revisions"}],"predecessor-version":[{"id":3520,"href":"https:\/\/hotelkolding.dk\/da\/wp-json\/wp\/v2\/pages\/3467\/revisions\/3520"}],"wp:attachment":[{"href":"https:\/\/hotelkolding.dk\/da\/wp-json\/wp\/v2\/media?parent=3467"}],"curies":[{"name":"wp","href":"https:\/\/api.w.org\/{rel}","templated":true}]}}