{"id":3546,"date":"2020-11-25T14:14:14","date_gmt":"2020-11-25T14:14:14","guid":{"rendered":"https:\/\/hotelkolding.dk\/vilkaar-og-betingelser\/"},"modified":"2026-01-08T14:10:50","modified_gmt":"2026-01-08T14:10:50","slug":"vilkaar-og-betingelser","status":"publish","type":"page","link":"https:\/\/hotelkolding.dk\/da\/vilkaar-og-betingelser\/","title":{"rendered":"Vilk\u00e5r og betingelser"},"content":{"rendered":"\t\t<div data-elementor-type=\"wp-page\" data-elementor-id=\"3546\" class=\"elementor elementor-3546 elementor-196\" data-elementor-post-type=\"page\">\n\t\t\t\t\t\t<section class=\"elementor-section elementor-top-section elementor-element elementor-element-5c1f3c5e elementor-section-boxed elementor-section-height-default elementor-section-height-default\" data-id=\"5c1f3c5e\" data-element_type=\"section\" data-e-type=\"section\">\n\t\t\t\t\t\t<div class=\"elementor-container elementor-column-gap-default\">\n\t\t\t\t\t<div class=\"elementor-column elementor-col-100 elementor-top-column elementor-element elementor-element-68d3bd7\" data-id=\"68d3bd7\" data-element_type=\"column\" data-e-type=\"column\">\n\t\t\t<div class=\"elementor-widget-wrap elementor-element-populated\">\n\t\t\t\t\t\t<div class=\"elementor-element elementor-element-7551fdea elementor-widget elementor-widget-heading\" data-id=\"7551fdea\" data-element_type=\"widget\" data-e-type=\"widget\" data-widget_type=\"heading.default\">\n\t\t\t\t<div class=\"elementor-widget-container\">\n\t\t\t\t\t<h2 class=\"elementor-heading-title elementor-size-default\">Vilk\u00e5r og betingelser for reservation<\/h2>\t\t\t\t<\/div>\n\t\t\t\t<\/div>\n\t\t\t\t\t<\/div>\n\t\t<\/div>\n\t\t\t\t\t<\/div>\n\t\t<\/section>\n\t\t\t\t<section class=\"elementor-section elementor-top-section elementor-element elementor-element-d10efc7 elementor-section-boxed elementor-section-height-default elementor-section-height-default\" data-id=\"d10efc7\" data-element_type=\"section\" data-e-type=\"section\">\n\t\t\t\t\t\t<div class=\"elementor-container elementor-column-gap-default\">\n\t\t\t\t\t<div class=\"elementor-column elementor-col-100 elementor-top-column elementor-element elementor-element-86e843\" data-id=\"86e843\" data-element_type=\"column\" data-e-type=\"column\">\n\t\t\t<div class=\"elementor-widget-wrap elementor-element-populated\">\n\t\t\t\t\t\t<div class=\"elementor-element elementor-element-22841678 elementor-widget elementor-widget-text-editor\" data-id=\"22841678\" data-element_type=\"widget\" data-e-type=\"widget\" data-widget_type=\"text-editor.default\">\n\t\t\t\t<div class=\"elementor-widget-container\">\n\t\t\t\t\t\t\t\t\t<p><strong>Booking og bekr\u00e6ftelse<\/strong><\/p><p>En booking er bindende, n\u00e5r den er bekr\u00e6ftet, og du har modtaget et bookingnummer eller en anden form for bekr\u00e6ftelse. For at booke et v\u00e6relse p\u00e5 hotellet skal du v\u00e6re 18 \u00e5r eller \u00e6ldre. Mindre\u00e5rige under 18 \u00e5r m\u00e5 ikke overnatte, medmindre de er i selskab med en for\u00e6lder eller v\u00e6rge.<\/p><p><strong>Annullering og \u00e6ndring<\/strong><\/p><p>Medmindre andet er aftalt ved booking, eller hvis der g\u00e6lder andre vilk\u00e5r for den valgte pris, er afbestilling og \u00e6ndringer tilladt indtil kl. 16 lokal tid p\u00e5 ankomstdagen. Hvis du ikke dukker op, og du ikke har afbestilt p\u00e5 forh\u00e5nd, eller hvis du afbestiller efter kl. 16 lokal tid, vil du blive opkr\u00e6vet for en overnatning. I tilf\u00e6lde af \u00e6ndring af opholdsdatoer kan der forekomme pris\u00e6ndringer. Bem\u00e6rk, at der kan g\u00e6lde andre afbestillings- og \u00e6ndringsregler for tredjepartsreservationer.<\/p><p><strong>Kreditkort og kontant betaling<\/strong><\/p><p>Hotellet forbeholder sig ret til at forh\u00e5ndsgodkende dit kredit- eller betalingskort f\u00f8r din ankomst. Hotellet debiterer ikke dit kreditkort, medmindre du booker et ikke-refunderbart ophold.<\/p><p>Hotellet kan give din bank besked via NETS om at frigive et forh\u00e5ndsgodkendt bel\u00f8b, men det er kun din bank, der kan slette reservationen af bel\u00f8bet.<\/p><p>Hotellet tager kun imod danske kroner som kontant betaling.<\/p><p><strong>Priser<\/strong><\/p><p>Priserne og de generelle betingelser p\u00e5 hjemmesiden er beregnet til individuelle bookinger. Hvis der bookes mere end 9 v\u00e6relser i samme periode, vil hotellet betragte det som en gruppe, hvilket kan resultere i en \u00e6ndring af priser og generelle betingelser, herunder blandt andet afbestillings- og betalingsbetingelser. Hvis du \u00f8nsker at booke mere end 9 v\u00e6relser, bedes du kontakte hotellet direkte.<\/p><p>Alle priser er angivet pr. v\u00e6relse pr. nat og inkluderer service og 25% moms. Bem\u00e6rk, at nogle tilbud ikke kan annulleres, refunderes eller \u00e6ndres.<\/p><p><strong>Depositum ved indtjekning<\/strong><\/p><p>V\u00e6r opm\u00e6rksom p\u00e5, at hotellet i nogle tilf\u00e6lde kan kr\u00e6ve et depositum af dig ved check-in. Depositummet skal betales enten kontant eller med kreditkort.<\/p><p><strong>Hotellets forpligtelser<\/strong><\/p><p>Hvis hotellet ikke kan tilbyde dig et v\u00e6relse som aftalt, har du ret til uden ekstra omkostninger at f\u00e5 et tilsvarende eller bedre v\u00e6relse p\u00e5 hotellet eller p\u00e5 et hotel af tilsvarende standard.<\/p><p><strong>Rygning<\/strong><\/p><p>Hotellet er et ikke-ryger hotel. Rygning er kun tilladt udenfor. Hvis en g\u00e6st overtr\u00e6der rygeforbuddet, har hotellet ret til at kr\u00e6ve betaling fra g\u00e6sten for eventuelle omkostninger i forbindelse hermed.<\/p>\t\t\t\t\t\t\t\t<\/div>\n\t\t\t\t<\/div>\n\t\t\t\t\t<\/div>\n\t\t<\/div>\n\t\t\t\t\t<\/div>\n\t\t<\/section>\n\t\t\t\t<\/div>\n\t\t","protected":false},"excerpt":{"rendered":"<p>Vilk\u00e5r og betingelser for reservation Booking og bekr\u00e6ftelse En booking er bindende, n\u00e5r den er bekr\u00e6ftet, og du har modtaget et bookingnummer eller en anden form for bekr\u00e6ftelse. For at booke et v\u00e6relse p\u00e5 hotellet skal du v\u00e6re 18 \u00e5r eller \u00e6ldre. Mindre\u00e5rige under 18 \u00e5r m\u00e5 ikke overnatte, medmindre de er i selskab med [&hellip;]<\/p>\n","protected":false},"author":1,"featured_media":0,"parent":0,"menu_order":0,"comment_status":"closed","ping_status":"closed","template":"","meta":{"_acf_changed":false,"footnotes":""},"class_list":["post-3546","page","type-page","status-publish","hentry"],"acf":[],"yoast_head":"<!-- This site is optimized with the Yoast SEO plugin v27.3 - https:\/\/yoast.com\/product\/yoast-seo-wordpress\/ -->\n<title>Vilk\u00e5r og betingelser - Hotel Kolding<\/title>\n<meta name=\"robots\" content=\"index, follow, max-snippet:-1, max-image-preview:large, max-video-preview:-1\" \/>\n<link rel=\"canonical\" href=\"https:\/\/hotelkolding.dk\/da\/vilkaar-og-betingelser\/\" \/>\n<meta property=\"og:locale\" content=\"da_DK\" \/>\n<meta property=\"og:type\" content=\"article\" \/>\n<meta property=\"og:title\" content=\"Vilk\u00e5r og betingelser - Hotel Kolding\" \/>\n<meta property=\"og:description\" content=\"Vilk\u00e5r og betingelser for reservation Booking og bekr\u00e6ftelse En booking er bindende, n\u00e5r den er bekr\u00e6ftet, og du har modtaget et bookingnummer eller en anden form for bekr\u00e6ftelse. For at booke et v\u00e6relse p\u00e5 hotellet skal du v\u00e6re 18 \u00e5r eller \u00e6ldre. Mindre\u00e5rige under 18 \u00e5r m\u00e5 ikke overnatte, medmindre de er i selskab med [&hellip;]\" \/>\n<meta property=\"og:url\" content=\"https:\/\/hotelkolding.dk\/da\/vilkaar-og-betingelser\/\" \/>\n<meta property=\"og:site_name\" content=\"Hotel Kolding\" \/>\n<meta property=\"article:modified_time\" content=\"2026-01-08T14:10:50+00:00\" \/>\n<meta name=\"twitter:card\" content=\"summary_large_image\" \/>\n<meta name=\"twitter:label1\" content=\"Estimeret l\u00e6setid\" \/>\n\t<meta name=\"twitter:data1\" content=\"2 minutter\" \/>\n<script type=\"application\/ld+json\" class=\"yoast-schema-graph\">{\"@context\":\"https:\\\/\\\/schema.org\",\"@graph\":[{\"@type\":\"WebPage\",\"@id\":\"https:\\\/\\\/hotelkolding.dk\\\/da\\\/vilkaar-og-betingelser\\\/\",\"url\":\"https:\\\/\\\/hotelkolding.dk\\\/da\\\/vilkaar-og-betingelser\\\/\",\"name\":\"Vilk\u00e5r og betingelser - Hotel Kolding\",\"isPartOf\":{\"@id\":\"https:\\\/\\\/hotelkolding.dk\\\/da\\\/#website\"},\"datePublished\":\"2020-11-25T14:14:14+00:00\",\"dateModified\":\"2026-01-08T14:10:50+00:00\",\"breadcrumb\":{\"@id\":\"https:\\\/\\\/hotelkolding.dk\\\/da\\\/vilkaar-og-betingelser\\\/#breadcrumb\"},\"inLanguage\":\"da-DK\",\"potentialAction\":[{\"@type\":\"ReadAction\",\"target\":[\"https:\\\/\\\/hotelkolding.dk\\\/da\\\/vilkaar-og-betingelser\\\/\"]}]},{\"@type\":\"BreadcrumbList\",\"@id\":\"https:\\\/\\\/hotelkolding.dk\\\/da\\\/vilkaar-og-betingelser\\\/#breadcrumb\",\"itemListElement\":[{\"@type\":\"ListItem\",\"position\":1,\"name\":\"Hjem\",\"item\":\"https:\\\/\\\/hotelkolding.dk\\\/da\\\/forside\\\/\"},{\"@type\":\"ListItem\",\"position\":2,\"name\":\"Vilk\u00e5r og betingelser\"}]},{\"@type\":\"WebSite\",\"@id\":\"https:\\\/\\\/hotelkolding.dk\\\/da\\\/#website\",\"url\":\"https:\\\/\\\/hotelkolding.dk\\\/da\\\/\",\"name\":\"Hotel Kolding\",\"description\":\"\",\"potentialAction\":[{\"@type\":\"SearchAction\",\"target\":{\"@type\":\"EntryPoint\",\"urlTemplate\":\"https:\\\/\\\/hotelkolding.dk\\\/da\\\/?s={search_term_string}\"},\"query-input\":{\"@type\":\"PropertyValueSpecification\",\"valueRequired\":true,\"valueName\":\"search_term_string\"}}],\"inLanguage\":\"da-DK\"}]}<\/script>\n<!-- \/ Yoast SEO plugin. -->","yoast_head_json":{"title":"Vilk\u00e5r og betingelser - Hotel Kolding","robots":{"index":"index","follow":"follow","max-snippet":"max-snippet:-1","max-image-preview":"max-image-preview:large","max-video-preview":"max-video-preview:-1"},"canonical":"https:\/\/hotelkolding.dk\/da\/vilkaar-og-betingelser\/","og_locale":"da_DK","og_type":"article","og_title":"Vilk\u00e5r og betingelser - Hotel Kolding","og_description":"Vilk\u00e5r og betingelser for reservation Booking og bekr\u00e6ftelse En booking er bindende, n\u00e5r den er bekr\u00e6ftet, og du har modtaget et bookingnummer eller en anden form for bekr\u00e6ftelse. For at booke et v\u00e6relse p\u00e5 hotellet skal du v\u00e6re 18 \u00e5r eller \u00e6ldre. Mindre\u00e5rige under 18 \u00e5r m\u00e5 ikke overnatte, medmindre de er i selskab med [&hellip;]","og_url":"https:\/\/hotelkolding.dk\/da\/vilkaar-og-betingelser\/","og_site_name":"Hotel Kolding","article_modified_time":"2026-01-08T14:10:50+00:00","twitter_card":"summary_large_image","twitter_misc":{"Estimeret l\u00e6setid":"2 minutter"},"schema":{"@context":"https:\/\/schema.org","@graph":[{"@type":"WebPage","@id":"https:\/\/hotelkolding.dk\/da\/vilkaar-og-betingelser\/","url":"https:\/\/hotelkolding.dk\/da\/vilkaar-og-betingelser\/","name":"Vilk\u00e5r og betingelser - Hotel Kolding","isPartOf":{"@id":"https:\/\/hotelkolding.dk\/da\/#website"},"datePublished":"2020-11-25T14:14:14+00:00","dateModified":"2026-01-08T14:10:50+00:00","breadcrumb":{"@id":"https:\/\/hotelkolding.dk\/da\/vilkaar-og-betingelser\/#breadcrumb"},"inLanguage":"da-DK","potentialAction":[{"@type":"ReadAction","target":["https:\/\/hotelkolding.dk\/da\/vilkaar-og-betingelser\/"]}]},{"@type":"BreadcrumbList","@id":"https:\/\/hotelkolding.dk\/da\/vilkaar-og-betingelser\/#breadcrumb","itemListElement":[{"@type":"ListItem","position":1,"name":"Hjem","item":"https:\/\/hotelkolding.dk\/da\/forside\/"},{"@type":"ListItem","position":2,"name":"Vilk\u00e5r og betingelser"}]},{"@type":"WebSite","@id":"https:\/\/hotelkolding.dk\/da\/#website","url":"https:\/\/hotelkolding.dk\/da\/","name":"Hotel Kolding","description":"","potentialAction":[{"@type":"SearchAction","target":{"@type":"EntryPoint","urlTemplate":"https:\/\/hotelkolding.dk\/da\/?s={search_term_string}"},"query-input":{"@type":"PropertyValueSpecification","valueRequired":true,"valueName":"search_term_string"}}],"inLanguage":"da-DK"}]}},"_links":{"self":[{"href":"https:\/\/hotelkolding.dk\/da\/wp-json\/wp\/v2\/pages\/3546","targetHints":{"allow":["GET"]}}],"collection":[{"href":"https:\/\/hotelkolding.dk\/da\/wp-json\/wp\/v2\/pages"}],"about":[{"href":"https:\/\/hotelkolding.dk\/da\/wp-json\/wp\/v2\/types\/page"}],"author":[{"embeddable":true,"href":"https:\/\/hotelkolding.dk\/da\/wp-json\/wp\/v2\/users\/1"}],"replies":[{"embeddable":true,"href":"https:\/\/hotelkolding.dk\/da\/wp-json\/wp\/v2\/comments?post=3546"}],"version-history":[{"count":1,"href":"https:\/\/hotelkolding.dk\/da\/wp-json\/wp\/v2\/pages\/3546\/revisions"}],"predecessor-version":[{"id":3547,"href":"https:\/\/hotelkolding.dk\/da\/wp-json\/wp\/v2\/pages\/3546\/revisions\/3547"}],"wp:attachment":[{"href":"https:\/\/hotelkolding.dk\/da\/wp-json\/wp\/v2\/media?parent=3546"}],"curies":[{"name":"wp","href":"https:\/\/api.w.org\/{rel}","templated":true}]}}