{"id":3548,"date":"2022-09-15T13:34:39","date_gmt":"2022-09-15T13:34:39","guid":{"rendered":"https:\/\/hotelkolding.dk\/bliv-vores-kollega\/"},"modified":"2026-01-08T14:13:16","modified_gmt":"2026-01-08T14:13:16","slug":"bliv-vores-kollega","status":"publish","type":"page","link":"https:\/\/hotelkolding.dk\/da\/bliv-vores-kollega\/","title":{"rendered":"Bliv vores kollega"},"content":{"rendered":"\t\t<div data-elementor-type=\"wp-page\" data-elementor-id=\"3548\" class=\"elementor elementor-3548 elementor-1137\" data-elementor-post-type=\"page\">\n\t\t\t\t\t\t<section class=\"elementor-section elementor-top-section elementor-element elementor-element-00301cf elementor-section-boxed elementor-section-height-default elementor-section-height-default\" data-id=\"00301cf\" data-element_type=\"section\" data-e-type=\"section\">\n\t\t\t\t\t\t<div class=\"elementor-container elementor-column-gap-default\">\n\t\t\t\t\t<div class=\"elementor-column elementor-col-100 elementor-top-column elementor-element elementor-element-c8676a4\" data-id=\"c8676a4\" data-element_type=\"column\" data-e-type=\"column\">\n\t\t\t<div class=\"elementor-widget-wrap elementor-element-populated\">\n\t\t\t\t\t\t<div class=\"elementor-element elementor-element-b42ba95 elementor-widget elementor-widget-spacer\" data-id=\"b42ba95\" data-element_type=\"widget\" data-e-type=\"widget\" data-widget_type=\"spacer.default\">\n\t\t\t\t<div class=\"elementor-widget-container\">\n\t\t\t\t\t\t\t<div class=\"elementor-spacer\">\n\t\t\t<div class=\"elementor-spacer-inner\"><\/div>\n\t\t<\/div>\n\t\t\t\t\t\t<\/div>\n\t\t\t\t<\/div>\n\t\t\t\t\t<\/div>\n\t\t<\/div>\n\t\t\t\t\t<\/div>\n\t\t<\/section>\n\t\t\t\t<section class=\"elementor-section elementor-top-section elementor-element elementor-element-95ef567 elementor-section-boxed elementor-section-height-default elementor-section-height-default\" data-id=\"95ef567\" data-element_type=\"section\" data-e-type=\"section\">\n\t\t\t\t\t\t<div class=\"elementor-container elementor-column-gap-default\">\n\t\t\t\t\t<div class=\"elementor-column elementor-col-50 elementor-top-column elementor-element elementor-element-57b0943\" data-id=\"57b0943\" data-element_type=\"column\" data-e-type=\"column\">\n\t\t\t<div class=\"elementor-widget-wrap elementor-element-populated\">\n\t\t\t\t\t\t<div class=\"elementor-element elementor-element-2af010e elementor-widget elementor-widget-heading\" data-id=\"2af010e\" data-element_type=\"widget\" data-e-type=\"widget\" data-widget_type=\"heading.default\">\n\t\t\t\t<div class=\"elementor-widget-container\">\n\t\t\t\t\t<h2 class=\"elementor-heading-title elementor-size-default\">Bliv vores kollega<\/h2>\t\t\t\t<\/div>\n\t\t\t\t<\/div>\n\t\t\t\t<div class=\"elementor-element elementor-element-4e76eb5 elementor-widget elementor-widget-text-editor\" data-id=\"4e76eb5\" data-element_type=\"widget\" data-e-type=\"widget\" data-widget_type=\"text-editor.default\">\n\t\t\t\t<div class=\"elementor-widget-container\">\n\t\t\t\t\t\t\t\t\t<p>Bliv vores kollega p\u00e5 Hotel Atlantic! Herunder finder du alle nuv\u00e6rende ledige stillinger. <\/p><p>Du er altid velkommen til at <a href=\"https:\/\/candidate.hr-manager.net\/ApplicationInit.aspx?cid=2170&amp;ProjectId=146284&amp;DepartmentId=19157&amp;SkipAdvertisement=true\">sende os dit CV, lige her<\/a>.<\/p>\t\t\t\t\t\t\t\t<\/div>\n\t\t\t\t<\/div>\n\t\t\t\t<div class=\"elementor-element elementor-element-0cd9226 elementor-widget elementor-widget-heading\" data-id=\"0cd9226\" data-element_type=\"widget\" data-e-type=\"widget\" data-widget_type=\"heading.default\">\n\t\t\t\t<div class=\"elementor-widget-container\">\n\t\t\t\t\t<h3 class=\"elementor-heading-title elementor-size-default\">Ledige stillinger<\/h3>\t\t\t\t<\/div>\n\t\t\t\t<\/div>\n\t\t\t\t<div class=\"elementor-element elementor-element-f3b5c73 elementor-widget elementor-widget-text-editor\" data-id=\"f3b5c73\" data-element_type=\"widget\" data-e-type=\"widget\" data-widget_type=\"text-editor.default\">\n\t\t\t\t<div class=\"elementor-widget-container\">\n\t\t\t\t\t\t\t\t\t<p>Vi har alle, vi beh\u00f8ver for nu.<\/p>\t\t\t\t\t\t\t\t<\/div>\n\t\t\t\t<\/div>\n\t\t\t\t<div class=\"elementor-element elementor-element-b650761 elementor-widget elementor-widget-heading\" data-id=\"b650761\" data-element_type=\"widget\" data-e-type=\"widget\" data-widget_type=\"heading.default\">\n\t\t\t\t<div class=\"elementor-widget-container\">\n\t\t\t\t\t<h3 class=\"elementor-heading-title elementor-size-default\">Job p\u00e5 vores s\u00f8sterhoteller<\/h3>\t\t\t\t<\/div>\n\t\t\t\t<\/div>\n\t\t\t\t<div class=\"elementor-element elementor-element-fefe492 elementor-widget elementor-widget-text-editor\" data-id=\"fefe492\" data-element_type=\"widget\" data-e-type=\"widget\" data-widget_type=\"text-editor.default\">\n\t\t\t\t<div class=\"elementor-widget-container\">\n\t\t\t\t\t\t\t\t\t<p>M\u00e5ske er vi ikke den rette arbejdsplads for dig \u2013 men m\u00e5ske er vores s\u00f8sterhoteller:<\/p><p><a href=\"http:\/\/www.hotelatlantic.dk\/work-with-us\">Hotel Atlantic (Aarhus)<\/a><\/p><p><a href=\"http:\/\/www.thelodge.dk\/work-with-us\">The Lodge Billund<\/a><\/p><p><a href=\"http:\/\/www.thenote.dk\/work-with-us\">The Note (Vejle)<\/a><\/p>\t\t\t\t\t\t\t\t<\/div>\n\t\t\t\t<\/div>\n\t\t\t\t\t<\/div>\n\t\t<\/div>\n\t\t\t\t<div class=\"elementor-column elementor-col-50 elementor-top-column elementor-element elementor-element-ba49202\" data-id=\"ba49202\" data-element_type=\"column\" data-e-type=\"column\">\n\t\t\t<div class=\"elementor-widget-wrap elementor-element-populated\">\n\t\t\t\t\t\t<div class=\"elementor-element elementor-element-326c86b dce_masking-none elementor-widget elementor-widget-image\" data-id=\"326c86b\" data-element_type=\"widget\" data-e-type=\"widget\" data-widget_type=\"image.default\">\n\t\t\t\t<div class=\"elementor-widget-container\">\n\t\t\t\t\t\t\t\t\t\t\t\t\t\t\t<img fetchpriority=\"high\" decoding=\"async\" width=\"800\" height=\"534\" src=\"https:\/\/hotelkolding.dk\/wp-content\/uploads\/2020\/11\/HotelKolding_RAISFOTO_0637-1-1024x683.jpg\" class=\"attachment-large size-large wp-image-2572\" alt=\"\" srcset=\"https:\/\/hotelkolding.dk\/wp-content\/uploads\/2020\/11\/HotelKolding_RAISFOTO_0637-1-1024x683.jpg 1024w, https:\/\/hotelkolding.dk\/wp-content\/uploads\/2020\/11\/HotelKolding_RAISFOTO_0637-1-300x200.jpg 300w, https:\/\/hotelkolding.dk\/wp-content\/uploads\/2020\/11\/HotelKolding_RAISFOTO_0637-1-768x512.jpg 768w, https:\/\/hotelkolding.dk\/wp-content\/uploads\/2020\/11\/HotelKolding_RAISFOTO_0637-1-1536x1024.jpg 1536w, https:\/\/hotelkolding.dk\/wp-content\/uploads\/2020\/11\/HotelKolding_RAISFOTO_0637-1.jpg 1900w\" sizes=\"(max-width: 800px) 100vw, 800px\" \/>\t\t\t\t\t\t\t\t\t\t\t\t\t\t\t<\/div>\n\t\t\t\t<\/div>\n\t\t\t\t\t<\/div>\n\t\t<\/div>\n\t\t\t\t\t<\/div>\n\t\t<\/section>\n\t\t<div class=\"elementor-element elementor-element-854ad6d e-flex e-con-boxed e-con e-parent\" data-id=\"854ad6d\" data-element_type=\"container\" data-e-type=\"container\">\n\t\t\t\t\t<div class=\"e-con-inner\">\n\t\t\t\t<div class=\"elementor-element elementor-element-62d0a14 elementor-widget-divider--view-line elementor-widget elementor-widget-divider\" data-id=\"62d0a14\" data-element_type=\"widget\" data-e-type=\"widget\" data-widget_type=\"divider.default\">\n\t\t\t\t<div class=\"elementor-widget-container\">\n\t\t\t\t\t\t\t<div class=\"elementor-divider\">\n\t\t\t<span class=\"elementor-divider-separator\">\n\t\t\t\t\t\t<\/span>\n\t\t<\/div>\n\t\t\t\t\t\t<\/div>\n\t\t\t\t<\/div>\n\t\t\t\t<div class=\"elementor-element elementor-element-209c5a2 elementor-widget elementor-widget-text-editor\" data-id=\"209c5a2\" data-element_type=\"widget\" data-e-type=\"widget\" data-widget_type=\"text-editor.default\">\n\t\t\t\t<div class=\"elementor-widget-container\">\n\t\t\t\t\t\t\t\t\t<p>Ville du bare <a href=\"https:\/\/hotelkolding.dk\/da\/vaerelser\/\">booke et v\u00e6relse<\/a>? <a href=\"https:\/\/hotelkolding.dk\/da\/vaerelser\/\">Lad os finde det bedste til dig<\/a>! <\/p>\t\t\t\t\t\t\t\t<\/div>\n\t\t\t\t<\/div>\n\t\t\t\t\t<\/div>\n\t\t\t\t<\/div>\n\t\t\t\t<\/div>\n\t\t","protected":false},"excerpt":{"rendered":"<p>Bliv vores kollega Bliv vores kollega p\u00e5 Hotel Atlantic! Herunder finder du alle nuv\u00e6rende ledige stillinger. Du er altid velkommen til at sende os dit CV, lige her. Ledige stillinger Vi har alle, vi beh\u00f8ver for nu. Job p\u00e5 vores s\u00f8sterhoteller M\u00e5ske er vi ikke den rette arbejdsplads for dig \u2013 men m\u00e5ske er vores [&hellip;]<\/p>\n","protected":false},"author":5,"featured_media":0,"parent":0,"menu_order":0,"comment_status":"closed","ping_status":"closed","template":"","meta":{"_acf_changed":false,"footnotes":""},"class_list":["post-3548","page","type-page","status-publish","hentry"],"acf":[],"yoast_head":"<!-- This site is optimized with the Yoast SEO plugin v27.3 - https:\/\/yoast.com\/product\/yoast-seo-wordpress\/ -->\n<title>Bliv vores kollega<\/title>\n<meta name=\"description\" content=\"Bliv vores kollega p\u00e5 Hotel Kolding! Herunder finder du alle nuv\u00e6rende ledige stillinger.\" \/>\n<meta name=\"robots\" content=\"index, follow, max-snippet:-1, max-image-preview:large, max-video-preview:-1\" \/>\n<link rel=\"canonical\" href=\"https:\/\/hotelkolding.dk\/da\/bliv-vores-kollega\/\" \/>\n<meta property=\"og:locale\" content=\"da_DK\" \/>\n<meta property=\"og:type\" content=\"article\" \/>\n<meta property=\"og:title\" content=\"Bliv vores kollega\" \/>\n<meta property=\"og:description\" content=\"Bliv vores kollega p\u00e5 Hotel Kolding! Herunder finder du alle nuv\u00e6rende ledige stillinger.\" \/>\n<meta property=\"og:url\" content=\"https:\/\/hotelkolding.dk\/da\/bliv-vores-kollega\/\" \/>\n<meta property=\"og:site_name\" content=\"Hotel Kolding\" \/>\n<meta property=\"article:modified_time\" content=\"2026-01-08T14:13:16+00:00\" \/>\n<meta property=\"og:image\" content=\"https:\/\/hotelkolding.dk\/wp-content\/uploads\/2020\/11\/HotelKolding_RAISFOTO_0637-1.jpg\" \/>\n\t<meta property=\"og:image:width\" content=\"1900\" \/>\n\t<meta property=\"og:image:height\" content=\"1267\" \/>\n\t<meta property=\"og:image:type\" content=\"image\/jpeg\" \/>\n<meta name=\"twitter:card\" content=\"summary_large_image\" \/>\n<script type=\"application\/ld+json\" class=\"yoast-schema-graph\">{\"@context\":\"https:\\\/\\\/schema.org\",\"@graph\":[{\"@type\":\"WebPage\",\"@id\":\"https:\\\/\\\/hotelkolding.dk\\\/da\\\/bliv-vores-kollega\\\/\",\"url\":\"https:\\\/\\\/hotelkolding.dk\\\/da\\\/bliv-vores-kollega\\\/\",\"name\":\"Bliv vores kollega\",\"isPartOf\":{\"@id\":\"https:\\\/\\\/hotelkolding.dk\\\/da\\\/#website\"},\"primaryImageOfPage\":{\"@id\":\"https:\\\/\\\/hotelkolding.dk\\\/da\\\/bliv-vores-kollega\\\/#primaryimage\"},\"image\":{\"@id\":\"https:\\\/\\\/hotelkolding.dk\\\/da\\\/bliv-vores-kollega\\\/#primaryimage\"},\"thumbnailUrl\":\"https:\\\/\\\/hotelkolding.dk\\\/wp-content\\\/uploads\\\/2020\\\/11\\\/HotelKolding_RAISFOTO_0637-1-1024x683.jpg\",\"datePublished\":\"2022-09-15T13:34:39+00:00\",\"dateModified\":\"2026-01-08T14:13:16+00:00\",\"description\":\"Bliv vores kollega p\u00e5 Hotel Kolding! Herunder finder du alle nuv\u00e6rende ledige stillinger.\",\"breadcrumb\":{\"@id\":\"https:\\\/\\\/hotelkolding.dk\\\/da\\\/bliv-vores-kollega\\\/#breadcrumb\"},\"inLanguage\":\"da-DK\",\"potentialAction\":[{\"@type\":\"ReadAction\",\"target\":[\"https:\\\/\\\/hotelkolding.dk\\\/da\\\/bliv-vores-kollega\\\/\"]}]},{\"@type\":\"ImageObject\",\"inLanguage\":\"da-DK\",\"@id\":\"https:\\\/\\\/hotelkolding.dk\\\/da\\\/bliv-vores-kollega\\\/#primaryimage\",\"url\":\"https:\\\/\\\/hotelkolding.dk\\\/wp-content\\\/uploads\\\/2020\\\/11\\\/HotelKolding_RAISFOTO_0637-1-1024x683.jpg\",\"contentUrl\":\"https:\\\/\\\/hotelkolding.dk\\\/wp-content\\\/uploads\\\/2020\\\/11\\\/HotelKolding_RAISFOTO_0637-1-1024x683.jpg\"},{\"@type\":\"BreadcrumbList\",\"@id\":\"https:\\\/\\\/hotelkolding.dk\\\/da\\\/bliv-vores-kollega\\\/#breadcrumb\",\"itemListElement\":[{\"@type\":\"ListItem\",\"position\":1,\"name\":\"Hjem\",\"item\":\"https:\\\/\\\/hotelkolding.dk\\\/da\\\/forside\\\/\"},{\"@type\":\"ListItem\",\"position\":2,\"name\":\"Bliv vores kollega\"}]},{\"@type\":\"WebSite\",\"@id\":\"https:\\\/\\\/hotelkolding.dk\\\/da\\\/#website\",\"url\":\"https:\\\/\\\/hotelkolding.dk\\\/da\\\/\",\"name\":\"Hotel Kolding\",\"description\":\"\",\"potentialAction\":[{\"@type\":\"SearchAction\",\"target\":{\"@type\":\"EntryPoint\",\"urlTemplate\":\"https:\\\/\\\/hotelkolding.dk\\\/da\\\/?s={search_term_string}\"},\"query-input\":{\"@type\":\"PropertyValueSpecification\",\"valueRequired\":true,\"valueName\":\"search_term_string\"}}],\"inLanguage\":\"da-DK\"}]}<\/script>\n<!-- \/ Yoast SEO plugin. -->","yoast_head_json":{"title":"Bliv vores kollega","description":"Bliv vores kollega p\u00e5 Hotel Kolding! Herunder finder du alle nuv\u00e6rende ledige stillinger.","robots":{"index":"index","follow":"follow","max-snippet":"max-snippet:-1","max-image-preview":"max-image-preview:large","max-video-preview":"max-video-preview:-1"},"canonical":"https:\/\/hotelkolding.dk\/da\/bliv-vores-kollega\/","og_locale":"da_DK","og_type":"article","og_title":"Bliv vores kollega","og_description":"Bliv vores kollega p\u00e5 Hotel Kolding! Herunder finder du alle nuv\u00e6rende ledige stillinger.","og_url":"https:\/\/hotelkolding.dk\/da\/bliv-vores-kollega\/","og_site_name":"Hotel Kolding","article_modified_time":"2026-01-08T14:13:16+00:00","og_image":[{"width":1900,"height":1267,"url":"https:\/\/hotelkolding.dk\/wp-content\/uploads\/2020\/11\/HotelKolding_RAISFOTO_0637-1.jpg","type":"image\/jpeg"}],"twitter_card":"summary_large_image","schema":{"@context":"https:\/\/schema.org","@graph":[{"@type":"WebPage","@id":"https:\/\/hotelkolding.dk\/da\/bliv-vores-kollega\/","url":"https:\/\/hotelkolding.dk\/da\/bliv-vores-kollega\/","name":"Bliv vores kollega","isPartOf":{"@id":"https:\/\/hotelkolding.dk\/da\/#website"},"primaryImageOfPage":{"@id":"https:\/\/hotelkolding.dk\/da\/bliv-vores-kollega\/#primaryimage"},"image":{"@id":"https:\/\/hotelkolding.dk\/da\/bliv-vores-kollega\/#primaryimage"},"thumbnailUrl":"https:\/\/hotelkolding.dk\/wp-content\/uploads\/2020\/11\/HotelKolding_RAISFOTO_0637-1-1024x683.jpg","datePublished":"2022-09-15T13:34:39+00:00","dateModified":"2026-01-08T14:13:16+00:00","description":"Bliv vores kollega p\u00e5 Hotel Kolding! Herunder finder du alle nuv\u00e6rende ledige stillinger.","breadcrumb":{"@id":"https:\/\/hotelkolding.dk\/da\/bliv-vores-kollega\/#breadcrumb"},"inLanguage":"da-DK","potentialAction":[{"@type":"ReadAction","target":["https:\/\/hotelkolding.dk\/da\/bliv-vores-kollega\/"]}]},{"@type":"ImageObject","inLanguage":"da-DK","@id":"https:\/\/hotelkolding.dk\/da\/bliv-vores-kollega\/#primaryimage","url":"https:\/\/hotelkolding.dk\/wp-content\/uploads\/2020\/11\/HotelKolding_RAISFOTO_0637-1-1024x683.jpg","contentUrl":"https:\/\/hotelkolding.dk\/wp-content\/uploads\/2020\/11\/HotelKolding_RAISFOTO_0637-1-1024x683.jpg"},{"@type":"BreadcrumbList","@id":"https:\/\/hotelkolding.dk\/da\/bliv-vores-kollega\/#breadcrumb","itemListElement":[{"@type":"ListItem","position":1,"name":"Hjem","item":"https:\/\/hotelkolding.dk\/da\/forside\/"},{"@type":"ListItem","position":2,"name":"Bliv vores kollega"}]},{"@type":"WebSite","@id":"https:\/\/hotelkolding.dk\/da\/#website","url":"https:\/\/hotelkolding.dk\/da\/","name":"Hotel Kolding","description":"","potentialAction":[{"@type":"SearchAction","target":{"@type":"EntryPoint","urlTemplate":"https:\/\/hotelkolding.dk\/da\/?s={search_term_string}"},"query-input":{"@type":"PropertyValueSpecification","valueRequired":true,"valueName":"search_term_string"}}],"inLanguage":"da-DK"}]}},"_links":{"self":[{"href":"https:\/\/hotelkolding.dk\/da\/wp-json\/wp\/v2\/pages\/3548","targetHints":{"allow":["GET"]}}],"collection":[{"href":"https:\/\/hotelkolding.dk\/da\/wp-json\/wp\/v2\/pages"}],"about":[{"href":"https:\/\/hotelkolding.dk\/da\/wp-json\/wp\/v2\/types\/page"}],"author":[{"embeddable":true,"href":"https:\/\/hotelkolding.dk\/da\/wp-json\/wp\/v2\/users\/5"}],"replies":[{"embeddable":true,"href":"https:\/\/hotelkolding.dk\/da\/wp-json\/wp\/v2\/comments?post=3548"}],"version-history":[{"count":1,"href":"https:\/\/hotelkolding.dk\/da\/wp-json\/wp\/v2\/pages\/3548\/revisions"}],"predecessor-version":[{"id":3549,"href":"https:\/\/hotelkolding.dk\/da\/wp-json\/wp\/v2\/pages\/3548\/revisions\/3549"}],"wp:attachment":[{"href":"https:\/\/hotelkolding.dk\/da\/wp-json\/wp\/v2\/media?parent=3548"}],"curies":[{"name":"wp","href":"https:\/\/api.w.org\/{rel}","templated":true}]}}